{"id":133,"date":"2016-09-10T17:03:47","date_gmt":"2016-09-10T21:03:47","guid":{"rendered":"https:\/\/research.cbc.osu.edu\/badjic.1\/?page_id=133"},"modified":"2026-01-07T13:31:11","modified_gmt":"2026-01-07T18:31:11","slug":"alumni","status":"publish","type":"page","link":"https:\/\/research.cbc.osu.edu\/badjic.1\/alumni\/","title":{"rendered":"Recent Alumni"},"content":{"rendered":"\n<div class=\"wp-block-media-text is-stacked-on-mobile is-vertically-aligned-center\" style=\"grid-template-columns:25% auto\"><figure class=\"wp-block-media-text__media\"><img loading=\"lazy\" decoding=\"async\" width=\"361\" height=\"450\" src=\"https:\/\/research.cbc.osu.edu\/badjic.1\/wp-content\/uploads\/2019\/12\/image.png\" alt=\"\" class=\"wp-image-393 size-full\" srcset=\"https:\/\/research.cbc.osu.edu\/badjic.1\/wp-content\/uploads\/2019\/12\/image.png 361w, https:\/\/research.cbc.osu.edu\/badjic.1\/wp-content\/uploads\/2019\/12\/image-241x300.png 241w\" sizes=\"auto, (max-width: 361px) 100vw, 361px\" \/><\/figure><div class=\"wp-block-media-text__content\">\n<p>Tyler Finnegan, Ph.D. (2024)<\/p>\n\n\n\n<p><strong>Current Position<\/strong>: Ph.D. Graduate<\/p>\n\n\n\n<p><strong>Contact<\/strong>: finnegan.73@osu.edu <\/p>\n<\/div><\/div>\n\n\n\n<div class=\"wp-block-media-text is-stacked-on-mobile is-vertically-aligned-center\" style=\"grid-template-columns:26% auto\"><figure class=\"wp-block-media-text__media\"><img loading=\"lazy\" decoding=\"async\" width=\"1024\" height=\"678\" src=\"https:\/\/research.cbc.osu.edu\/badjic.1\/wp-content\/uploads\/2019\/02\/picXZ-1024x678.jpg\" alt=\"\" class=\"wp-image-326 size-full\" srcset=\"https:\/\/research.cbc.osu.edu\/badjic.1\/wp-content\/uploads\/2019\/02\/picXZ-1024x678.jpg 1024w, https:\/\/research.cbc.osu.edu\/badjic.1\/wp-content\/uploads\/2019\/02\/picXZ-300x199.jpg 300w, https:\/\/research.cbc.osu.edu\/badjic.1\/wp-content\/uploads\/2019\/02\/picXZ-768x509.jpg 768w\" sizes=\"auto, (max-width: 1024px) 100vw, 1024px\" \/><\/figure><div class=\"wp-block-media-text__content\">\n<p>Xingrong Zhu, Ph.D. (2024)<\/p>\n\n\n\n<p><strong>Current Position<\/strong>: Ph.D. Graduate <\/p>\n\n\n\n<p><strong>Contact<\/strong>: zhu.1292@osu.edu<\/p>\n<\/div><\/div>\n\n\n\n<div class=\"wp-block-media-text alignwide is-stacked-on-mobile is-vertically-aligned-center\" style=\"grid-template-columns:24% auto\"><figure class=\"wp-block-media-text__media\"><img loading=\"lazy\" decoding=\"async\" width=\"768\" height=\"1024\" src=\"https:\/\/research.cbc.osu.edu\/badjic.1\/wp-content\/uploads\/2022\/01\/Pratik-768x1024.jpeg\" alt=\"\" class=\"wp-image-461 size-full\" srcset=\"https:\/\/research.cbc.osu.edu\/badjic.1\/wp-content\/uploads\/2022\/01\/Pratik-768x1024.jpeg 768w, https:\/\/research.cbc.osu.edu\/badjic.1\/wp-content\/uploads\/2022\/01\/Pratik-225x300.jpeg 225w, https:\/\/research.cbc.osu.edu\/badjic.1\/wp-content\/uploads\/2022\/01\/Pratik-1152x1536.jpeg 1152w, https:\/\/research.cbc.osu.edu\/badjic.1\/wp-content\/uploads\/2022\/01\/Pratik-1536x2048.jpeg 1536w, https:\/\/research.cbc.osu.edu\/badjic.1\/wp-content\/uploads\/2022\/01\/Pratik-scaled.jpeg 1920w\" sizes=\"auto, (max-width: 768px) 100vw, 768px\" \/><\/figure><div class=\"wp-block-media-text__content\">\n<p><p class=\"has-medium-font-size\">Pratik Karmakar<\/p>\n<\/p>\n\n\n\n<p><strong>Current Position<\/strong>: Ph.D. Candidate at KMUTT, Thailand<\/p>\n\n\n\n<p><strong>Contact<\/strong>: karmakar.15@osu.edu<\/p>\n<\/div><\/div>\n\n\n\n<div class=\"wp-block-media-text alignwide is-stacked-on-mobile is-vertically-aligned-center\" style=\"grid-template-columns:24% auto\"><figure class=\"wp-block-media-text__media\"><img loading=\"lazy\" decoding=\"async\" width=\"1024\" height=\"1002\" src=\"https:\/\/research.cbc.osu.edu\/badjic.1\/wp-content\/uploads\/2022\/06\/IMG_3956_2-1024x1002.jpg\" alt=\"\" class=\"wp-image-487 size-full\" srcset=\"https:\/\/research.cbc.osu.edu\/badjic.1\/wp-content\/uploads\/2022\/06\/IMG_3956_2-1024x1002.jpg 1024w, https:\/\/research.cbc.osu.edu\/badjic.1\/wp-content\/uploads\/2022\/06\/IMG_3956_2-300x293.jpg 300w, https:\/\/research.cbc.osu.edu\/badjic.1\/wp-content\/uploads\/2022\/06\/IMG_3956_2-768x751.jpg 768w, https:\/\/research.cbc.osu.edu\/badjic.1\/wp-content\/uploads\/2022\/06\/IMG_3956_2-1536x1502.jpg 1536w, https:\/\/research.cbc.osu.edu\/badjic.1\/wp-content\/uploads\/2022\/06\/IMG_3956_2-2048x2003.jpg 2048w\" sizes=\"auto, (max-width: 1024px) 100vw, 1024px\" \/><\/figure><div class=\"wp-block-media-text__content\">\n<p>Vageesha Gunawardana, Ph.D. (2023)<\/p>\n\n\n\n<p><strong>Current Position<\/strong>: Research Scientist at Dupont Electronics and Imaging<\/p>\n\n\n\n<p><strong>Contact<\/strong>: liyanagunawardana.1@osu.edu<\/p>\n<\/div><\/div>\n\n\n\n<div class=\"wp-block-media-text alignwide is-stacked-on-mobile is-vertically-aligned-center\" style=\"grid-template-columns:24% auto\"><figure class=\"wp-block-media-text__media\"><img loading=\"lazy\" decoding=\"async\" width=\"1024\" height=\"771\" src=\"https:\/\/research.cbc.osu.edu\/badjic.1\/wp-content\/uploads\/2022\/10\/1665608560857-1024x771.jpg\" alt=\"\" class=\"wp-image-561 size-full\" srcset=\"https:\/\/research.cbc.osu.edu\/badjic.1\/wp-content\/uploads\/2022\/10\/1665608560857-1024x771.jpg 1024w, https:\/\/research.cbc.osu.edu\/badjic.1\/wp-content\/uploads\/2022\/10\/1665608560857-300x226.jpg 300w, https:\/\/research.cbc.osu.edu\/badjic.1\/wp-content\/uploads\/2022\/10\/1665608560857-768x578.jpg 768w, https:\/\/research.cbc.osu.edu\/badjic.1\/wp-content\/uploads\/2022\/10\/1665608560857-285x214.jpg 285w, https:\/\/research.cbc.osu.edu\/badjic.1\/wp-content\/uploads\/2022\/10\/1665608560857.jpg 1474w\" sizes=\"auto, (max-width: 1024px) 100vw, 1024px\" \/><\/figure><div class=\"wp-block-media-text__content\">\n<p>Dr. Kornkanya Pratumyot<\/p>\n\n\n\n<p><strong>Current Position<\/strong>: Faculty at King Mongkut&#8217;s University of Technology Thonburi (KMUTT), Bangkok, Thailand<\/p>\n\n\n\n<p><strong>Contact<\/strong>: kornkanya.pra@kmutt.ac.th<\/p>\n<\/div><\/div>\n\n\n\n<div class=\"wp-block-media-text alignwide is-stacked-on-mobile is-vertically-aligned-center\" style=\"grid-template-columns:22% auto\"><figure class=\"wp-block-media-text__media\"><img loading=\"lazy\" decoding=\"async\" width=\"339\" height=\"355\" src=\"https:\/\/research.cbc.osu.edu\/badjic.1\/wp-content\/uploads\/2016\/09\/K.jpg\" alt=\"\" class=\"wp-image-323 size-full\" srcset=\"https:\/\/research.cbc.osu.edu\/badjic.1\/wp-content\/uploads\/2016\/09\/K.jpg 339w, https:\/\/research.cbc.osu.edu\/badjic.1\/wp-content\/uploads\/2016\/09\/K-286x300.jpg 286w\" sizes=\"auto, (max-width: 339px) 100vw, 339px\" \/><\/figure><div class=\"wp-block-media-text__content\">\n<p>Xiuze Wang, B.S. Chemistry, The Ohio State University (2020)<\/p>\n\n\n\n<p><strong>Current Position<\/strong>: Ph.D. candidate at Johns Hopkins University<\/p>\n\n\n\n<p><strong>Contact<\/strong>: wang.10559@osu.edu<\/p>\n<\/div><\/div>\n\n\n\n<div class=\"wp-block-media-text alignwide is-stacked-on-mobile is-vertically-aligned-center\" style=\"grid-template-columns:22% auto\"><figure class=\"wp-block-media-text__media\"><img loading=\"lazy\" decoding=\"async\" width=\"768\" height=\"1024\" src=\"https:\/\/research.cbc.osu.edu\/badjic.1\/wp-content\/uploads\/2022\/06\/IMG_7184-1-768x1024.jpg\" alt=\"\" class=\"wp-image-492 size-full\" srcset=\"https:\/\/research.cbc.osu.edu\/badjic.1\/wp-content\/uploads\/2022\/06\/IMG_7184-1-768x1024.jpg 768w, https:\/\/research.cbc.osu.edu\/badjic.1\/wp-content\/uploads\/2022\/06\/IMG_7184-1-225x300.jpg 225w, https:\/\/research.cbc.osu.edu\/badjic.1\/wp-content\/uploads\/2022\/06\/IMG_7184-1-1152x1536.jpg 1152w, https:\/\/research.cbc.osu.edu\/badjic.1\/wp-content\/uploads\/2022\/06\/IMG_7184-1.jpg 1158w\" sizes=\"auto, (max-width: 768px) 100vw, 768px\" \/><\/figure><div class=\"wp-block-media-text__content\">\n<p>Radoslav Pavoli\u0107, Ph.D. (2022)<\/p>\n\n\n\n<p><strong>Current Position<\/strong>: Postdoctoral Fellow at Northwestern University<\/p>\n\n\n\n<p><strong>Contact<\/strong>: radoslave.pavlovic@northwestern.edu<\/p>\n<\/div><\/div>\n\n\n\n<div class=\"wp-block-media-text alignwide is-stacked-on-mobile is-vertically-aligned-center\" style=\"grid-template-columns:23% auto\"><figure class=\"wp-block-media-text__media\"><img loading=\"lazy\" decoding=\"async\" width=\"1016\" height=\"1024\" src=\"https:\/\/research.cbc.osu.edu\/badjic.1\/wp-content\/uploads\/2017\/05\/Han-II-1016x1024.jpg\" alt=\"\" class=\"wp-image-208 size-full\" srcset=\"https:\/\/research.cbc.osu.edu\/badjic.1\/wp-content\/uploads\/2017\/05\/Han-II-1016x1024.jpg 1016w, https:\/\/research.cbc.osu.edu\/badjic.1\/wp-content\/uploads\/2017\/05\/Han-II-150x150.jpg 150w, https:\/\/research.cbc.osu.edu\/badjic.1\/wp-content\/uploads\/2017\/05\/Han-II-298x300.jpg 298w, https:\/\/research.cbc.osu.edu\/badjic.1\/wp-content\/uploads\/2017\/05\/Han-II-768x774.jpg 768w, https:\/\/research.cbc.osu.edu\/badjic.1\/wp-content\/uploads\/2017\/05\/Han-II-174x174.jpg 174w, https:\/\/research.cbc.osu.edu\/badjic.1\/wp-content\/uploads\/2017\/05\/Han-II.jpg 1913w\" sizes=\"auto, (max-width: 1016px) 100vw, 1016px\" \/><\/figure><div class=\"wp-block-media-text__content\">\n<p>Han Xie, Ph.D. (2022)<\/p>\n\n\n\n<p><strong>Current Position<\/strong>: Calibr, Scripps<\/p>\n<\/div><\/div>\n\n\n\n<div class=\"wp-block-media-text alignwide is-stacked-on-mobile is-vertically-aligned-center\" style=\"grid-template-columns:21% auto\"><figure class=\"wp-block-media-text__media\"><img loading=\"lazy\" decoding=\"async\" width=\"1024\" height=\"1024\" src=\"https:\/\/research.cbc.osu.edu\/badjic.1\/wp-content\/uploads\/2016\/05\/Sarah-crop-1024x1024.jpg\" alt=\"\" class=\"wp-image-45 size-full\" srcset=\"https:\/\/research.cbc.osu.edu\/badjic.1\/wp-content\/uploads\/2016\/05\/Sarah-crop-1024x1024.jpg 1024w, https:\/\/research.cbc.osu.edu\/badjic.1\/wp-content\/uploads\/2016\/05\/Sarah-crop-150x150.jpg 150w, https:\/\/research.cbc.osu.edu\/badjic.1\/wp-content\/uploads\/2016\/05\/Sarah-crop-300x300.jpg 300w, https:\/\/research.cbc.osu.edu\/badjic.1\/wp-content\/uploads\/2016\/05\/Sarah-crop-768x768.jpg 768w, https:\/\/research.cbc.osu.edu\/badjic.1\/wp-content\/uploads\/2016\/05\/Sarah-crop-250x250.jpg 250w, https:\/\/research.cbc.osu.edu\/badjic.1\/wp-content\/uploads\/2016\/05\/Sarah-crop-174x174.jpg 174w\" sizes=\"auto, (max-width: 1024px) 100vw, 1024px\" \/><\/figure><div class=\"wp-block-media-text__content\">\n<p>Sarah Border, Ph.D. (2018)<\/p>\n\n\n\n<p><strong>Current Position<\/strong>: Chemical Abstract Services (ACS)<\/p>\n<\/div><\/div>\n\n\n\n<div class=\"wp-block-media-text alignwide is-stacked-on-mobile is-vertically-aligned-center\" style=\"grid-template-columns:17% auto\"><figure class=\"wp-block-media-text__media\"><img loading=\"lazy\" decoding=\"async\" width=\"578\" height=\"1024\" src=\"https:\/\/research.cbc.osu.edu\/badjic.1\/wp-content\/uploads\/2016\/09\/photo-1-578x1024.jpg\" alt=\"\" class=\"wp-image-262 size-full\" srcset=\"https:\/\/research.cbc.osu.edu\/badjic.1\/wp-content\/uploads\/2016\/09\/photo-1-578x1024.jpg 578w, https:\/\/research.cbc.osu.edu\/badjic.1\/wp-content\/uploads\/2016\/09\/photo-1-169x300.jpg 169w, https:\/\/research.cbc.osu.edu\/badjic.1\/wp-content\/uploads\/2016\/09\/photo-1.jpg 722w\" sizes=\"auto, (max-width: 578px) 100vw, 578px\" \/><\/figure><div class=\"wp-block-media-text__content\">\n<p>Dr. Weikun Wang, Postdoctoral Fellow (2017)<\/p>\n\n\n\n<p>Ph.D. Fudan University, China<\/p>\n<\/div><\/div>\n\n\n\n<div class=\"wp-block-media-text alignwide is-stacked-on-mobile is-vertically-aligned-center\" style=\"grid-template-columns:15% auto\"><figure class=\"wp-block-media-text__media\"><img loading=\"lazy\" decoding=\"async\" width=\"767\" height=\"1024\" src=\"https:\/\/research.cbc.osu.edu\/badjic.1\/wp-content\/uploads\/2016\/09\/Portfolio-Picture-1-767x1024.jpg\" alt=\"\" class=\"wp-image-314 size-full\" srcset=\"https:\/\/research.cbc.osu.edu\/badjic.1\/wp-content\/uploads\/2016\/09\/Portfolio-Picture-1-767x1024.jpg 767w, https:\/\/research.cbc.osu.edu\/badjic.1\/wp-content\/uploads\/2016\/09\/Portfolio-Picture-1-225x300.jpg 225w, https:\/\/research.cbc.osu.edu\/badjic.1\/wp-content\/uploads\/2016\/09\/Portfolio-Picture-1-768x1026.jpg 768w\" sizes=\"auto, (max-width: 767px) 100vw, 767px\" \/><\/figure><div class=\"wp-block-media-text__content\">\n<p>Allyson Eippert, Undergraduate Researcher (2017)<\/p>\n\n\n\n<p><strong>Contact<\/strong>: eippert.3@osu.edu<\/p>\n<\/div><\/div>\n\n\n\n<div class=\"wp-block-media-text alignwide is-stacked-on-mobile is-vertically-aligned-center\" style=\"grid-template-columns:15% auto\"><figure class=\"wp-block-media-text__media\"><img loading=\"lazy\" decoding=\"async\" width=\"576\" height=\"1024\" src=\"https:\/\/research.cbc.osu.edu\/badjic.1\/wp-content\/uploads\/2016\/09\/murat-foto-1-1-e1520534127683-576x1024.jpg\" alt=\"\" class=\"wp-image-276 size-full\" srcset=\"https:\/\/research.cbc.osu.edu\/badjic.1\/wp-content\/uploads\/2016\/09\/murat-foto-1-1-e1520534127683-576x1024.jpg 576w, https:\/\/research.cbc.osu.edu\/badjic.1\/wp-content\/uploads\/2016\/09\/murat-foto-1-1-e1520534127683-169x300.jpg 169w, https:\/\/research.cbc.osu.edu\/badjic.1\/wp-content\/uploads\/2016\/09\/murat-foto-1-1-e1520534127683-768x1365.jpg 768w\" sizes=\"auto, (max-width: 576px) 100vw, 576px\" \/><\/figure><div class=\"wp-block-media-text__content\">\n<p>Dr. Murat G\u00fcney, Postdoctoral Researcher (2017)<\/p>\n\n\n\n<p><strong>Current Position<\/strong>: Associate Professor at Agri Ibrahinm Cecen University, Turkey<\/p>\n\n\n\n<p><strong>Contact<\/strong>: guney.6@osu.edu<\/p>\n<\/div><\/div>\n\n\n\n<div class=\"wp-block-media-text alignwide is-stacked-on-mobile is-vertically-aligned-center\" style=\"grid-template-columns:16% auto\"><figure class=\"wp-block-media-text__media\"><img loading=\"lazy\" decoding=\"async\" width=\"1024\" height=\"1020\" src=\"https:\/\/research.cbc.osu.edu\/badjic.1\/wp-content\/uploads\/2016\/05\/rachel-crop-1024x1020.jpg\" alt=\"\" class=\"wp-image-66 size-full\" srcset=\"https:\/\/research.cbc.osu.edu\/badjic.1\/wp-content\/uploads\/2016\/05\/rachel-crop-1024x1020.jpg 1024w, https:\/\/research.cbc.osu.edu\/badjic.1\/wp-content\/uploads\/2016\/05\/rachel-crop-150x150.jpg 150w, https:\/\/research.cbc.osu.edu\/badjic.1\/wp-content\/uploads\/2016\/05\/rachel-crop-300x300.jpg 300w, https:\/\/research.cbc.osu.edu\/badjic.1\/wp-content\/uploads\/2016\/05\/rachel-crop-768x765.jpg 768w, https:\/\/research.cbc.osu.edu\/badjic.1\/wp-content\/uploads\/2016\/05\/rachel-crop-250x250.jpg 250w, https:\/\/research.cbc.osu.edu\/badjic.1\/wp-content\/uploads\/2016\/05\/rachel-crop-174x174.jpg 174w, https:\/\/research.cbc.osu.edu\/badjic.1\/wp-content\/uploads\/2016\/05\/rachel-crop.jpg 1029w\" sizes=\"auto, (max-width: 1024px) 100vw, 1024px\" \/><\/figure><div class=\"wp-block-media-text__content\">\n<p>Rachel Warrell, M.S. (2017)<\/p>\n\n\n\n<p><strong>Current Position<\/strong>: Sister of St. Francis of Perpetual Adoration<\/p>\n<\/div><\/div>\n\n\n\n<div class=\"wp-block-media-text alignwide is-stacked-on-mobile is-vertically-aligned-center\" style=\"grid-template-columns:24% auto\"><figure class=\"wp-block-media-text__media\"><img loading=\"lazy\" decoding=\"async\" width=\"1002\" height=\"1024\" src=\"https:\/\/research.cbc.osu.edu\/badjic.1\/wp-content\/uploads\/2016\/05\/Shigui-crop-II-1002x1024.jpg\" alt=\"\" class=\"wp-image-42 size-full\" srcset=\"https:\/\/research.cbc.osu.edu\/badjic.1\/wp-content\/uploads\/2016\/05\/Shigui-crop-II-1002x1024.jpg 1002w, https:\/\/research.cbc.osu.edu\/badjic.1\/wp-content\/uploads\/2016\/05\/Shigui-crop-II-294x300.jpg 294w, https:\/\/research.cbc.osu.edu\/badjic.1\/wp-content\/uploads\/2016\/05\/Shigui-crop-II-768x785.jpg 768w, https:\/\/research.cbc.osu.edu\/badjic.1\/wp-content\/uploads\/2016\/05\/Shigui-crop-II.jpg 1489w\" sizes=\"auto, (max-width: 1002px) 100vw, 1002px\" \/><\/figure><div class=\"wp-block-media-text__content\">\n<p>Shigui Chen, Former Postdoctoral Fellow (2012-2017)<\/p>\n\n\n\n<p><strong>Current Position<\/strong>: Professor, Wuhan University<\/p>\n\n\n\n<p><strong>Contact<\/strong>: sgchen@whu.edu.cn<\/p>\n<\/div><\/div>\n\n\n\n<div class=\"wp-block-media-text alignwide is-stacked-on-mobile is-vertically-aligned-center\" style=\"grid-template-columns:24% auto\"><figure class=\"wp-block-media-text__media\"><img loading=\"lazy\" decoding=\"async\" width=\"1024\" height=\"901\" src=\"https:\/\/research.cbc.osu.edu\/badjic.1\/wp-content\/uploads\/2016\/04\/oui-crop-1024x901.jpg\" alt=\"\" class=\"wp-image-20 size-full\" srcset=\"https:\/\/research.cbc.osu.edu\/badjic.1\/wp-content\/uploads\/2016\/04\/oui-crop-1024x901.jpg 1024w, https:\/\/research.cbc.osu.edu\/badjic.1\/wp-content\/uploads\/2016\/04\/oui-crop-300x264.jpg 300w, https:\/\/research.cbc.osu.edu\/badjic.1\/wp-content\/uploads\/2016\/04\/oui-crop-768x676.jpg 768w\" sizes=\"auto, (max-width: 1024px) 100vw, 1024px\" \/><\/figure><div class=\"wp-block-media-text__content\">\n<p>Yaowalak Pratumyot, Ph.D. (2016)<\/p>\n\n\n\n<p><strong>Current Position<\/strong>: Faculty at King Mongkut&#8217;s University of Technology, Thonburi<\/p>\n\n\n\n<p><strong>Contact<\/strong>: yaowalak.pra@mail.kmutt.ac.th<\/p>\n<\/div><\/div>\n\n\n\n<div class=\"wp-block-media-text alignwide is-stacked-on-mobile is-vertically-aligned-center\" style=\"grid-template-columns:22% auto\"><figure class=\"wp-block-media-text__media\"><img loading=\"lazy\" decoding=\"async\" width=\"970\" height=\"1024\" src=\"https:\/\/research.cbc.osu.edu\/badjic.1\/wp-content\/uploads\/2016\/05\/erdin-crop-970x1024.jpg\" alt=\"\" class=\"wp-image-46 size-full\" srcset=\"https:\/\/research.cbc.osu.edu\/badjic.1\/wp-content\/uploads\/2016\/05\/erdin-crop-970x1024.jpg 970w, https:\/\/research.cbc.osu.edu\/badjic.1\/wp-content\/uploads\/2016\/05\/erdin-crop-284x300.jpg 284w, https:\/\/research.cbc.osu.edu\/badjic.1\/wp-content\/uploads\/2016\/05\/erdin-crop-768x810.jpg 768w, https:\/\/research.cbc.osu.edu\/badjic.1\/wp-content\/uploads\/2016\/05\/erdin-crop.jpg 2025w\" sizes=\"auto, (max-width: 970px) 100vw, 970px\" \/><\/figure><div class=\"wp-block-media-text__content\">\n<p>Erdin Dalkilic, Former Postdoctoral Fellow (2016)<\/p>\n\n\n\n<p><strong>Current Position<\/strong>: Assistant Professor, \u00c7ank\u0131r\u0131 Karatekin University<\/p>\n\n\n\n<p><strong>Contact<\/strong>: erdindalkilic@karatekin.edu, erdindalkilic@gmail.com<\/p>\n<\/div><\/div>\n\n\n\n<div class=\"wp-block-media-text alignwide is-stacked-on-mobile is-vertically-aligned-center\" style=\"grid-template-columns:22% auto\"><figure class=\"wp-block-media-text__media\"><img loading=\"lazy\" decoding=\"async\" width=\"1024\" height=\"918\" src=\"https:\/\/research.cbc.osu.edu\/badjic.1\/wp-content\/uploads\/2016\/05\/LU-crop-1024x918.jpg\" alt=\"\" class=\"wp-image-43 size-full\" srcset=\"https:\/\/research.cbc.osu.edu\/badjic.1\/wp-content\/uploads\/2016\/05\/LU-crop-1024x918.jpg 1024w, https:\/\/research.cbc.osu.edu\/badjic.1\/wp-content\/uploads\/2016\/05\/LU-crop-300x269.jpg 300w, https:\/\/research.cbc.osu.edu\/badjic.1\/wp-content\/uploads\/2016\/05\/LU-crop-768x688.jpg 768w, https:\/\/research.cbc.osu.edu\/badjic.1\/wp-content\/uploads\/2016\/05\/LU-crop.jpg 2009w\" sizes=\"auto, (max-width: 1024px) 100vw, 1024px\" \/><\/figure><div class=\"wp-block-media-text__content\">\n<p>Lu Wang, Former Postdoctoral Fellow (2015-2016)<\/p>\n\n\n\n<p>Ph.D. Shanghai Institute of Organic Chemistry, Chinese Academy of Science<\/p>\n<\/div><\/div>\n\n\n\n<div class=\"wp-block-media-text alignwide is-stacked-on-mobile is-vertically-aligned-center\" style=\"grid-template-columns:23% auto\"><figure class=\"wp-block-media-text__media\"><img loading=\"lazy\" decoding=\"async\" width=\"1024\" height=\"939\" src=\"https:\/\/research.cbc.osu.edu\/badjic.1\/wp-content\/uploads\/2016\/05\/Lei-Hu-Crop-1024x939.jpg\" alt=\"\" class=\"wp-image-39 size-full\" srcset=\"https:\/\/research.cbc.osu.edu\/badjic.1\/wp-content\/uploads\/2016\/05\/Lei-Hu-Crop-1024x939.jpg 1024w, https:\/\/research.cbc.osu.edu\/badjic.1\/wp-content\/uploads\/2016\/05\/Lei-Hu-Crop-300x275.jpg 300w, https:\/\/research.cbc.osu.edu\/badjic.1\/wp-content\/uploads\/2016\/05\/Lei-Hu-Crop-768x704.jpg 768w\" sizes=\"auto, (max-width: 1024px) 100vw, 1024px\" \/><\/figure><div class=\"wp-block-media-text__content\">\n<p>Lei Ju, Former Postdoctoral Fellow (2014-2016)<\/p>\n\n\n\n<p><strong>Current Position<\/strong>: Faculty, School of Pharmacy, Jiangsu University<\/p>\n\n\n\n<p><strong>Contact<\/strong>: leiju@ujs.edu.cn<\/p>\n<\/div><\/div>\n\n\n\n<div class=\"wp-block-media-text alignwide is-stacked-on-mobile is-vertically-aligned-center\" style=\"grid-template-columns:23% auto\"><figure class=\"wp-block-media-text__media\"><img loading=\"lazy\" decoding=\"async\" width=\"160\" height=\"160\" src=\"https:\/\/research.cbc.osu.edu\/badjic.1\/wp-content\/uploads\/2016\/06\/10420367_10154668171870257_4369618992119072407_n.jpg\" alt=\"\" class=\"wp-image-97 size-full\" srcset=\"https:\/\/research.cbc.osu.edu\/badjic.1\/wp-content\/uploads\/2016\/06\/10420367_10154668171870257_4369618992119072407_n.jpg 160w, https:\/\/research.cbc.osu.edu\/badjic.1\/wp-content\/uploads\/2016\/06\/10420367_10154668171870257_4369618992119072407_n-150x150.jpg 150w\" sizes=\"auto, (max-width: 160px) 100vw, 160px\" \/><\/figure><div class=\"wp-block-media-text__content\">\n<p>Keith Hermann, Ph.D. 2014<\/p>\n\n\n\n<p>Postdoctoral Fellow in The Stoddart Group, Northwestern University (2014-2016)<\/p>\n\n\n\n<p><strong>Current Position<\/strong>: Technology Analyst at Nitto Denko Technical Corporation<\/p>\n\n\n\n<p><strong>Contact<\/strong>: khermann.49@gmail.com<\/p>\n<\/div><\/div>\n\n\n\n<div class=\"wp-block-media-text alignwide is-stacked-on-mobile is-vertically-aligned-center\" style=\"grid-template-columns:23% auto\"><figure class=\"wp-block-media-text__media\"><img loading=\"lazy\" decoding=\"async\" width=\"400\" height=\"400\" src=\"https:\/\/research.cbc.osu.edu\/badjic.1\/wp-content\/uploads\/2016\/09\/Yian.jpg\" alt=\"\" class=\"wp-image-140 size-full\" srcset=\"https:\/\/research.cbc.osu.edu\/badjic.1\/wp-content\/uploads\/2016\/09\/Yian.jpg 400w, https:\/\/research.cbc.osu.edu\/badjic.1\/wp-content\/uploads\/2016\/09\/Yian-150x150.jpg 150w, https:\/\/research.cbc.osu.edu\/badjic.1\/wp-content\/uploads\/2016\/09\/Yian-300x300.jpg 300w, https:\/\/research.cbc.osu.edu\/badjic.1\/wp-content\/uploads\/2016\/09\/Yian-250x250.jpg 250w, https:\/\/research.cbc.osu.edu\/badjic.1\/wp-content\/uploads\/2016\/09\/Yian-174x174.jpg 174w\" sizes=\"auto, (max-width: 400px) 100vw, 400px\" \/><\/figure><div class=\"wp-block-media-text__content\">\n<p>Yian Ruan, Ph.D. 2014<\/p>\n\n\n\n<p><strong>Current Position<\/strong>: International Regulatory Affairs Tech at L Brands<\/p>\n\n\n\n<p><strong>Contact<\/strong>: ruan.13@buckeyemail.osu.edu<\/p>\n<\/div><\/div>\n\n\n\n<div class=\"wp-block-media-text alignwide is-stacked-on-mobile is-vertically-aligned-center\" style=\"grid-template-columns:22% auto\"><figure class=\"wp-block-media-text__media\"><img loading=\"lazy\" decoding=\"async\" width=\"160\" height=\"160\" src=\"https:\/\/research.cbc.osu.edu\/badjic.1\/wp-content\/uploads\/2016\/09\/makoto.jpg\" alt=\"\" class=\"wp-image-142 size-full\" srcset=\"https:\/\/research.cbc.osu.edu\/badjic.1\/wp-content\/uploads\/2016\/09\/makoto.jpg 160w, https:\/\/research.cbc.osu.edu\/badjic.1\/wp-content\/uploads\/2016\/09\/makoto-150x150.jpg 150w\" sizes=\"auto, (max-width: 160px) 100vw, 160px\" \/><\/figure><div class=\"wp-block-media-text__content\">\n<p>Makoto Yamasaki, M.S. 2014<\/p>\n\n\n\n<p><strong>Current Position<\/strong>: Research Associate 1 at Cytokinetics<\/p>\n\n\n\n<p><strong>Contact<\/strong>: yamasaki.6@buckeyemail.com<\/p>\n<\/div><\/div>\n","protected":false},"excerpt":{"rendered":"<p>Tyler Finnegan, Ph.D. (2024) Current Position: Ph.D. Graduate Contact: finnegan.73@osu.edu Xingrong Zhu, Ph.D. (2024) Current Position: Ph.D. Graduate Contact: zhu.1292@osu.edu Pratik Karmakar Current Position: Ph.D. Candidate at KMUTT, Thailand Contact: karmakar.15@osu.edu Vageesha Gunawardana, Ph.D. (2023) Current Position: Research Scientist at Dupont Electronics and Imaging Contact: liyanagunawardana.1@osu.edu Dr. Kornkanya Pratumyot Current Position: Faculty at King Mongkut&#8217;s <a href=\"https:\/\/research.cbc.osu.edu\/badjic.1\/alumni\/\" rel=\"nofollow\"><span class=\"sr-only\">Read more about Recent Alumni<\/span>[&hellip;]<\/a><\/p>\n","protected":false},"author":14,"featured_media":0,"parent":0,"menu_order":0,"comment_status":"closed","ping_status":"closed","template":"","meta":{"footnotes":""},"class_list":["post-133","page","type-page","status-publish","hentry"],"_links":{"self":[{"href":"https:\/\/research.cbc.osu.edu\/badjic.1\/wp-json\/wp\/v2\/pages\/133","targetHints":{"allow":["GET"]}}],"collection":[{"href":"https:\/\/research.cbc.osu.edu\/badjic.1\/wp-json\/wp\/v2\/pages"}],"about":[{"href":"https:\/\/research.cbc.osu.edu\/badjic.1\/wp-json\/wp\/v2\/types\/page"}],"author":[{"embeddable":true,"href":"https:\/\/research.cbc.osu.edu\/badjic.1\/wp-json\/wp\/v2\/users\/14"}],"replies":[{"embeddable":true,"href":"https:\/\/research.cbc.osu.edu\/badjic.1\/wp-json\/wp\/v2\/comments?post=133"}],"version-history":[{"count":89,"href":"https:\/\/research.cbc.osu.edu\/badjic.1\/wp-json\/wp\/v2\/pages\/133\/revisions"}],"predecessor-version":[{"id":618,"href":"https:\/\/research.cbc.osu.edu\/badjic.1\/wp-json\/wp\/v2\/pages\/133\/revisions\/618"}],"wp:attachment":[{"href":"https:\/\/research.cbc.osu.edu\/badjic.1\/wp-json\/wp\/v2\/media?parent=133"}],"curies":[{"name":"wp","href":"https:\/\/api.w.org\/{rel}","templated":true}]}}