{"id":25,"date":"2015-04-15T14:44:25","date_gmt":"2015-04-15T18:44:25","guid":{"rendered":"https:\/\/research.cbc.osu.edu\/rajanbabu.1\/?page_id=25"},"modified":"2023-06-15T17:17:39","modified_gmt":"2023-06-15T21:17:39","slug":"group","status":"publish","type":"page","link":"https:\/\/research.cbc.osu.edu\/rajanbabu.1\/group\/","title":{"rendered":"Current Group Members"},"content":{"rendered":"\n<figure class=\"wp-block-table\"><table><tbody><tr><td> <p style=\"text-align: center;\"><strong><em>Postdoctoral Researchers<\/em><\/strong><\/p>  <p><strong><em>Dr. Subhajit Bhunia<\/em><\/strong><\/p><p><strong style=\"font-family: inherit; font-size: revert;\"><em><span style=\"font-size: 12px;\">bhunia.5@osu.edu<\/span><\/em><\/strong><\/p><p><strong><em><span style=\"font-size: 12px;\">Postdoctoral Researcher<\/span><\/em><\/strong><br><strong><em><span style=\"font-size: 12px;\">PhD with Prof. Alakesh Bisai at IISER Bhopal<\/span><\/em><\/strong><\/p><\/td><\/tr><tr><td><strong style=\"font-size: revert; font-family: inherit;\"><em>Dr. Kiron Kumar Ghosh<\/em><\/strong> <br><strong style=\"font-size: revert; font-family: inherit;\"><em><span style=\"font-size: 12px;\">ghosh.242@osu.edu<\/span><\/em><\/strong><br><strong style=\"font-size: revert; font-family: inherit;\"><em><span style=\"font-size: 12px;\">Postdoctoral Researcher<\/span><\/em><\/strong><br><strong style=\"font-size: revert; font-family: inherit;\"><em><span style=\"font-size: 12px;\">PhD with Prof. Manuel van Gemmeren\u00a0at the Westf\u00e4lische Wilhelms-Universit\u00e4t M\u00fcnster<\/span><\/em><\/strong><\/td><\/tr><tr><td><strong><em>Dr. Manoj Patil<\/em><\/strong> <br><strong style=\"font-size: revert; font-family: inherit;\"><em><span style=\"font-size: 12px;\">patil.240@osu.edu<\/span><\/em><\/strong><p><strong><em><span style=\"font-size: 12px;\">Postdoctoral Researcher<\/span><\/em><\/strong><br><span style=\"font-size: 12px;\"><b><i>PhD with Prof. Rai-Shung Liu at National Tsing-Hua University, Hsinchu (Taiwan, ROC)<\/i><\/b><\/span><\/p>  <p style=\"text-align: center;\"><strong><em>Graduate Students<\/em><\/strong><\/p><\/td><\/tr><tr><td><strong style=\"font-size: revert; font-family: inherit;\"><em>Dipshi Singh<\/em><\/strong><br><strong><em><span style=\"font-size: 12px;\">singh.1371@buckeyemail.osu.edu<\/span><\/em><\/strong> <br><strong style=\"font-size: revert; font-family: inherit;\"><em><span style=\"font-size: 12px;\">5th year graduate student <\/span><\/em><\/strong> <br><strong style=\"font-size: revert; font-family: inherit;\"><em><span style=\"font-size: 12px;\">Bachelor of Science in Chemistry, Miranda House, Delhi University<\/span><\/em><\/strong><br><strong style=\"font-size: revert; font-family: inherit;\"><em><span style=\"font-size: 12px;\">Master of Science in Chemistry, Indian Institute of Technology, Roorkee<\/span><\/em><\/strong> <br><strong style=\"font-size: revert; font-family: inherit;\"><em><span style=\"font-size: 12px;\">Advisor: Ravi Bhushan\u00a0<\/span><\/em><\/strong><\/td><\/tr><tr><td><strong>Mayukh Majumder (Co-advised by Christo Sevov and Christopher Hadad)<\/strong><br><em><strong><span style=\"font-size: 12px;\">majumder.21@buckeyemail.osu.edu<\/span><\/strong><\/em> <br><em style=\"font-size: revert; font-family: inherit;\"><strong><span style=\"font-size: 12px;\">3rd year Graduate Student<\/span><\/strong><\/em> <br><em style=\"font-size: revert; font-family: inherit;\"><strong><span style=\"font-size: 12px;\">BSc in Chemistry, Jadavpur University <\/span><\/strong><\/em> <br><em style=\"font-size: revert; font-family: inherit;\"><strong><span style=\"font-size: 12px;\">MSc in Chemistry, Indian Institute of Technology, Bombay <\/span><\/strong><\/em> <br><em style=\"font-size: revert; font-family: inherit;\"><strong><span style=\"font-size: 12px;\">Advisor: Raghavan B. Sunoj<\/span><\/strong><\/em> <\/td><\/tr><tr><td><strong>Mrityunjay Pandey<\/strong><br><em><strong><span style=\"font-size: 12px;\">pandey.144@buckeyemail.osu.edu <\/span><\/strong><\/em> <br><em style=\"font-size: revert; font-family: inherit;\"><strong><span style=\"font-size: 12px;\">3rd year Graduate Student<\/span><\/strong><\/em> <br><em style=\"font-size: revert; font-family: inherit;\"><strong><span style=\"font-size: 12px;\">BSc in Chemistry, Kirori Mal College, University of Delhi <\/span><\/strong><\/em> <br><em style=\"font-size: revert; font-family: inherit;\"><strong><span style=\"font-size: 12px;\">Msc in Chemistry VNIT Nagpur <\/span><\/strong><\/em> <br><em style=\"font-size: revert; font-family: inherit;\"><strong><span style=\"font-size: 12px;\">Advisor: Sandipan Halder<\/span><\/strong><\/em> <\/td><\/tr><tr><td>&nbsp;<\/td><\/tr><tr><td>&nbsp;<\/td><\/tr><tr><td>&nbsp;<\/td><\/tr><tr><td>&nbsp;<\/td><\/tr><\/tbody><\/table><\/figure>\n","protected":false},"excerpt":{"rendered":"<p>Postdoctoral Researchers Dr. Subhajit Bhunia bhunia.5@osu.edu Postdoctoral ResearcherPhD with Prof. Alakesh Bisai at IISER Bhopal Dr. Kiron Kumar Ghosh ghosh.242@osu.eduPostdoctoral ResearcherPhD with Prof. Manuel van Gemmeren\u00a0at the Westf\u00e4lische Wilhelms-Universit\u00e4t M\u00fcnster Dr. Manoj Patil patil.240@osu.edu Postdoctoral ResearcherPhD with Prof. Rai-Shung Liu &hellip; <a href=\"https:\/\/research.cbc.osu.edu\/rajanbabu.1\/group\/\">Continue reading <span class=\"meta-nav\">&rarr;<\/span><\/a><\/p>\n","protected":false},"author":23,"featured_media":0,"parent":0,"menu_order":0,"comment_status":"closed","ping_status":"closed","template":"","meta":{"footnotes":""},"class_list":["post-25","page","type-page","status-publish","hentry"],"_links":{"self":[{"href":"https:\/\/research.cbc.osu.edu\/rajanbabu.1\/wp-json\/wp\/v2\/pages\/25","targetHints":{"allow":["GET"]}}],"collection":[{"href":"https:\/\/research.cbc.osu.edu\/rajanbabu.1\/wp-json\/wp\/v2\/pages"}],"about":[{"href":"https:\/\/research.cbc.osu.edu\/rajanbabu.1\/wp-json\/wp\/v2\/types\/page"}],"author":[{"embeddable":true,"href":"https:\/\/research.cbc.osu.edu\/rajanbabu.1\/wp-json\/wp\/v2\/users\/23"}],"replies":[{"embeddable":true,"href":"https:\/\/research.cbc.osu.edu\/rajanbabu.1\/wp-json\/wp\/v2\/comments?post=25"}],"version-history":[{"count":33,"href":"https:\/\/research.cbc.osu.edu\/rajanbabu.1\/wp-json\/wp\/v2\/pages\/25\/revisions"}],"predecessor-version":[{"id":424,"href":"https:\/\/research.cbc.osu.edu\/rajanbabu.1\/wp-json\/wp\/v2\/pages\/25\/revisions\/424"}],"wp:attachment":[{"href":"https:\/\/research.cbc.osu.edu\/rajanbabu.1\/wp-json\/wp\/v2\/media?parent=25"}],"curies":[{"name":"wp","href":"https:\/\/api.w.org\/{rel}","templated":true}]}}